{"id":92,"date":"2013-11-21T10:22:21","date_gmt":"2013-11-21T09:22:21","guid":{"rendered":"http:\/\/hak-weiden.de\/?page_id=92"},"modified":"2025-11-19T14:59:03","modified_gmt":"2025-11-19T13:59:03","slug":"presseartikel","status":"publish","type":"page","link":"https:\/\/hak-weiden.de\/?page_id=92","title":{"rendered":"Presseartikel"},"content":{"rendered":"<h3>Mit uns bleiben Sie stets aktuell informiert.<br \/>\nSollten Sie einen Zeitungsartikel verpasst haben, k\u00f6nnen Sie diesen \u00fcber die angegebenen Links zum Oberpfalznetz (Online-Pr\u00e4senz des Medienhauses Der Neue Tag) und zum Oberpfalzecho bequem nachlesen.<\/h3>\n<p>&nbsp;<\/p>\n<h3>Geschichte in spannenden Geschichten: Neuer Band der \u201cOberpf\u00e4lzer Heimat\u201d erh\u00e4ltlich (Artikel vom 15.11.2025)<\/h3>\n<p>Die Vorstellung des neuen Bandes der &#8222;Oberpf\u00e4lzer Heimat&#8220; ist jedes Jahr der H\u00f6hepunkt der Arbeit des Heimatkundlichen Arbeitskreises Weiden. Der Schwerpunkt liegt diesmal auf Zeitgeschichte: Ein Beitrag analysiert die NSDAP-Ortsgruppe Weiden; ein Beitrag befasst sich mit Postkarten des Weidener Sozialdemokraten Josef Tr\u00f6ger aus dem KZ Dachau.<\/p>\n<p><a href=\"https:\/\/www.oberpfalzecho.de\/beitrag\/geschichte-in-spannenden-geschichten-neuer-band-der-oberpfaelzer-heimat-erhaeltlich\" target=\"_blank\" rel=\"noopener noreferrer\">Artikel aufrufen<\/a><\/p>\n<p>&nbsp;<\/p>\n<h3>Erhard Weigel: Universalgenie und fast vergessener Sohn der Stadt Weiden (Artikel vom 17.07.2025)<\/h3>\n<p>Fast f\u00fcnfzig Mitglieder des Heimatkundlichen Arbeitskreises waren gekommen, um dem Vortrag von Ex-Stadtarchivarin Petra Vorsatz zu lauschen. Sie wurden nicht entt\u00e4uscht, weil eine faszinierende Pers\u00f6nlichkeit vorgestellt wurde.<\/p>\n<p><a href=\"https:\/\/www.oberpfalzecho.de\/beitrag\/erhard-weigel-universalgenie-und-fast-vergessener-sohn-der-stadt-weiden\" target=\"_blank\" rel=\"noopener noreferrer\">Artikel aufrufen<\/a><\/p>\n<p>&nbsp;<\/p>\n<h3>Jahrbuch \u201eOberpf\u00e4lzer Heimat\u201c ist erschienen: Spannende Storys aus der Heimat (Artikel vom 21.11.2024)<\/h3>\n<p>K\u00f6nnen alte Geschichten spannend sein? Ja! Der Heimatkundliche Arbeitskreis beweist das im neuen Jahrbuch der &#8222;Oberpf\u00e4lzer Heimat&#8220;. Die Themen sind wie immer vielf\u00e4ltig: Bei Harald F\u00e4hnrich geht&#8217;s um die vergessene Gartenstaude &#8222;Hofergart&#8220;, jetzt bekannt als Cola-Kraut. Historiker Marc Rothballer schreibt \u00fcber die US-Zeitung &#8222;Sniper&#8220;, die 1945 in Weiden gedruckt wurde.<\/p>\n<p><a href=\"https:\/\/www.oberpfalzecho.de\/beitrag\/jahrbuch-oberpfaelzer-heimat-ist-erschienen-spannende-storys-aus-der-heimat\"><span style=\"color: rgb(0, 102, 204);\">Artikel aufrufen<\/span><\/a><\/p>\n<p>&nbsp;<\/p>\n<h3>Neuer Band &#8222;Oberpf\u00e4lzer Heimat&#8220; des Heimatkundlichen Arbeitskreises Weiden (Artikel vom 30.11.2023)<\/h3>\n<p>&#8222;Hut ab. Das ist ein interessantes Buch&#8220;, lobte Bezirksheimatpfleger Tobias Appl. Im 68. Band der Reihe &#8222;Oberpf\u00e4lzer Heimat&#8220; ver\u00f6ffentlichen 18 Autoren heimatkundliche Beitr\u00e4ge.<\/p>\n<p><a href=\"https:\/\/www.onetz.de\/oberpfalz\/weiden-oberpfalz\/neuer-band-oberpfaelzer-heimat-heimatkundlichen-arbeitskreises-weiden-id4496638.html\"><span style=\"color: rgb(0, 102, 204);\">Artikel aufrufen<\/span><\/a><\/p>\n<p>&nbsp;<\/p>\n<h3>Die Oberpfalz als Land der Glasschleifen: Neues Buch als Spiegel der Geschichte (Artikel vom 06.11.2023)<\/h3>\n<p>Die Glastradition zwischen Wondreb und Laaber hat viel mit Franzosen, Schwaben, Amerikanern und Juden zu tun. Das und noch viel mehr zum legend\u00e4ren Werkstoff der Region hat nun ein Heimatforscher in einem Standardwerk zusammengefasst.<\/p>\n<p><a href=\"https:\/\/www.onetz.de\/oberpfalz\/neustadt-waldnaab\/oberpfalz-land-glasschleifen-neues-buch-spiegel-geschichte-id4454124.html\"><span style=\"color: rgb(0, 102, 204);\">Artikel aufrufen<\/span><\/a><\/p>\n<p>&nbsp;<\/p>\n<h3>Heimatkundlicher Arbeitskreis Weiden stellt neuen Band &#8222;Oberpf\u00e4lzer Heimat&#8220; vor (Artikel vom 25.11.2022)<\/h3>\n<p>Der mittlerweile 67. Band ist fertig. Schriftleiter Adalbert Busl pr\u00e4sentierte in der \u201eAlmh\u00fctte\u201c das 192-seitige Buch, in dem 17 Autoren Beitr\u00e4ge liefern.<\/p>\n<p><a href=\"https:\/\/www.onetz.de\/oberpfalz\/weiden-oberpfalz\/heimatkundlicher-arbeitskreis-weiden-stellt-neuen-band-oberpfaelzer-heimat-id3838329.html\"><span style=\"color: rgb(0, 102, 204);\">Artikel aufrufen<\/span><\/a><\/p>\n<p>&nbsp;<\/p>\n<h3>Vom Skandal um Walter Klankermeier und &#8222;Werw\u00f6lfen&#8220; in der Oberpfalz (Artikel vom 28.11.2021)<\/h3>\n<p>Der 66. Band aus der Reihe &#8222;Oberpf\u00e4lzer Heimat&#8220; k\u00f6nnte zum Verkaufsschlager werden. Der Inhalt klingt vielversprechend: Von Fabelwesen wie Werw\u00f6lfen \u00fcber die Gendarmerie bis zu echten Skandalen ist alles dabei.<\/p>\n<p><a href=\"https:\/\/www.onetz.de\/oberpfalz\/weiden-oberpfalz\/skandal-um-walter-klankermeier-werwoelfen-oberpfalz-id3370181.html\"><span style=\"color: rgb(0, 102, 204);\">Artikel aufrufen<\/span><\/a><\/p>\n<p>&nbsp;<\/p>\n<h3>Vom Steinzeitschaber zur Wolfsfalle (Artikel vom 19.11.2019)<\/h3>\n<p>Der Heimatkundliche Arbeitskreis des Oberpf\u00e4lzer Waldvereins stellt den 64. Band aus der Reihe &#8222;Oberpf\u00e4lzer Heimat&#8220; vor.<\/p>\n<p><a href=\"https:\/\/www.onetz.de\/oberpfalz\/weiden-oberpfalz\/steinzeitschaber-wolfsfalle-id2900850.html\"><span style=\"color: rgb(0, 102, 204);\">Artikel aufrufen<\/span><\/a><\/p>\n<p>&nbsp;<\/p>\n<h3>Simultaneum in Weiden &#8222;mit Axt&#8220; eingef\u00fchrt (Artikel vom 11.10.2019)<\/h3>\n<p>\u201eKrieg im Frieden\u201c: Der Titel des Vortrags beim Heimatkundlichen Arbeitskreis Weiden wirkt in sich widerspr\u00fcchlich. Was es damit auf sich hat, entfaltet der Historiker Volker Wappmann auf interessante und kurzweilige Art.<\/p>\n<p><a href=\"https:\/\/www.onetz.de\/oberpfalz\/weiden-oberpfalz\/simultaneum-weiden-axt-eingefuehrt-id2866393.html\"><span style=\"color: rgb(0, 102, 204);\">Artikel aufrufen<\/span><\/a><\/p>\n<p>&nbsp;<\/p>\n<h3>Burgruine Waldeck digital rekonstruiert (Artikel vom 08.07.2019)<\/h3>\n<p>\u00dcber zwei Jahre arbeitet Bernhard Weigl an der digitalen Rekonstruktion der kurbayerischen Festung Waldeck von 1660. Dabei helfen ihm Zeichnungen, Grundrisse, Inventarlisten und Rechnungen nach Br\u00e4nden und Reparaturauftr\u00e4gen.<\/p>\n<p><a href=\"https:\/\/www.onetz.de\/oberpfalz\/weiden-oberpfalz\/burgruine-waldeck-digital-rekonstruiert-id2781774.html\"><span style=\"color: rgb(0, 102, 204);\">Artikel aufrufen<\/span><\/a><\/p>\n<p>&nbsp;<\/p>\n<h3>Von Olympiasiegern und Steinzeitwerkzeugen (Artikel vom 19.11.2018)<\/h3>\n<p>Adalbert Busl stellt den 63. Band der Jahresschrift &#8222;Oberpf\u00e4lzer Heimat&#8220; vor. Der Schriftleiter, der rund 30 Ausgaben seinen Stempel aufdr\u00fcckte, hat f\u00fcr die n\u00e4chste Ausgabe einen Wunsch.<\/p>\n<p><a href=\"https:\/\/www.onetz.de\/oberpfalz\/weiden-oberpfalz\/olympiasiegern-steinzeitwerkzeugen-id2554145.html\"><span style=\"color: rgb(0, 102, 204);\">Artikel aufrufen<\/span><\/a><\/p>\n<p>&nbsp;<\/p>\n<h3>Landheimatpfleger Harald F\u00e4hnrich spricht \u00fcber Naturd\u00e4monen: Luz und Specht (Artikel vom 01.12.2017)<\/h3>\n<p>Gegen die Naturd\u00e4monen Specht und Luz ist der Krampus eine wahre Heiligengestalt. Heimatpfleger Harald F\u00e4hnrich erz\u00e4hlt schaurige Sagen aus der alten Zeit.<\/p>\n<p><a href=\"https:\/\/www.onetz.de\/weiden-in-der-oberpfalz\/vermischtes\/landheimatpfleger-harald-faehnrich-spricht-ueber-naturdaemonen-luz-und-specht-d1798421.html\"><span style=\"color: rgb(0, 102, 204);\">Artikel aufrufen<\/span><\/a><\/p>\n<p>&nbsp;<\/p>\n<h3>Autoren des neuen Buches &#8222;Oberpf\u00e4lzer Heimat&#8220; stellen ihre Beitr\u00e4ge vor. Von Pest und &#8222;Kakkertjes&#8220; (Artikel vom 20.11.2017)<\/h3>\n<p>Vom bayerischen B\u00fcrgermilit\u00e4r, zwei Luher Pestopfern oder den Weidener &#8222;Hussitenkugeln&#8220;: Das Spektrum des neuen Buches &#8222;Oberpf\u00e4lzer Heimat&#8220; ist weitreichend. Dem Heimatkundlichen Arbeitskreis stellen die Autoren ihre Forschungen vor.<\/p>\n<p><a href=\"https:\/\/www.onetz.de\/weiden-in-der-oberpfalz\/vermischtes\/autoren-des-neuen-buches-oberpfaelzer-heimat-stellen-ihre-beitraege-vor-von-pest-und-kakkertjes-d1795979.html\"><span style=\"color: rgb(0, 102, 204);\">Artikel aufrufen<\/span><\/a><\/p>\n<p>&nbsp;<\/p>\n<h3>Erste Station f\u00fcr Hunderttausende. Adalbert Busl referiert \u00fcber Grenzdurchgangslager Wiesau (Artikel vom 05.03.2017)<\/h3>\n<p>Was heutzutage trotz modernerer Technik Probleme bereitet, war im Grenzdurchgangslager Wiesau vor etwa 70 Jahren bereits m\u00f6glich: Die Registrierung von 587 000 Fl\u00fcchtlingen sudetendeutscher Abstammung, die aus der Tschechoslowakei nach Deutschland kamen. Heimatforscher Adalbert Busl referierte beim Heimatkundlichen Arbeitskreis \u00fcber dieses von 1946 bis 1952 betriebene Fl\u00fcchtlingslager, von dem heute fast nichts mehr zu sehen ist. Lediglich eine Firma nutzt eine kleine Halle.<\/p>\n<p><a href=\"http:\/\/www.onetz.de\/weiden-in-der-oberpfalz\/vermischtes\/adalbert-busl-referiert-ueber-grenzdurchgangslager-wiesau-erste-station-fuer-hunderttausende-d1734444.html\"><span style=\"color: rgb(0, 102, 204);\">Artikel aufrufen<\/span><\/a><\/p>\n<p>&nbsp;<\/p>\n<h3>Als Hitler die Stadt Weiden besuchte (Artikel vom 18.11.2016)<\/h3>\n<p>19 namhafte Historiker und Heimatkundler haben f\u00fcr den 61. Band der &#8222;Oberpf\u00e4lzer Heimat&#8220; wieder historische Sch\u00e4tze gehoben. Ein Thema: Adolf Hitlers Besuch in Weiden 1932.<\/p>\n<p><a href=\"http:\/\/www.onetz.de\/weiden-in-der-oberpfalz\/vermischtes\/oberpfaelzer-heimat-als-hitler-die-stadt-weiden-besuchte-d1709575.html\"><span style=\"color: rgb(0, 102, 204);\">Artikel aufrufen<\/span><\/a><\/p>\n<p>&nbsp;<\/p>\n<h3>Die Geschichte der Oberpf\u00e4lzer Trachtenvereine (Artikel vom 23.03.2016)<\/h3>\n<p>&#8222;D&#8216; Schuahplattler&#8220; waren die Pioniere. 1898 gr\u00fcndeten sie in Regensburg den ersten Oberpf\u00e4lzer Trachtenverein. In Weiden riefen Holzf\u00e4ller 1907 den Gebirgstrachtenverein &#8222;Almrausch&#8220; ins Leben. Es sollten bei weitem nicht die einzigen Gemeinschaften bleiben, die sich der Brauchtumspflege verschrieben.<\/p>\n<p><a href=\"http:\/\/www.onetz.de\/weiden-in-der-oberpfalz\/vermischtes\/ewig-in-mode-die-geschichte-der-oberpfaelzer-trachtenvereine-d1582965.html\"><span style=\"color: rgb(0, 102, 204);\">Artikel aufrufen<\/span><\/a><\/p>\n<p>&nbsp;<\/p>\n<h3>Heimatgeschichte aus Archiven entdeckt (Artikel vom 30.11.2015)<\/h3>\n<p>Band 60 der Reihe &#8222;Oberpf\u00e4lzer Heimat&#8220; ist erschienen &#8211; Von Brandkatastrophen bis zum Grenzlager Wiesau.<\/p>\n<p><a href=\"http:\/\/www.oberpfalznetz.de\/onetz\/4815557-118-heimatgeschichte-aus-archiven-erweckt,1,0.html\"><span style=\"color: rgb(0, 102, 204);\">Artikel aufrufen<\/span><\/a><\/p>\n<p>&nbsp;<\/p>\n<h3>Die Ostmark als Bollwerk (Artikel vom 20.05.2015)<\/h3>\n<p>Heute kennen wir noch die Ostmarkkaserne und die Ostmarkstra\u00dfe. W\u00e4hrend der NS-Diktatur betonte der Begriff Ostmark den Bollwerkcharakter des Gaus gegen die angeblich milit\u00e4rische, wie auch soziale und kulturelle Bedrohung durch die Tschechen. Sogar der B\u00f6hmische Wind galt als Gefahr.<\/p>\n<p><a href=\"http:\/\/www.oberpfalznetz.de\/onetz\/4592671-118-die-ostmark-als-bollwerk,1,0.html\"><span style=\"color: rgb(0, 102, 204);\">Artikel aufrufen<\/span><\/a><\/p>\n<p>&nbsp;<\/p>\n<h3>Der vergessene Kunstmaler (Artikel vom 11.02.2015)<\/h3>\n<p>In der Kappl bei Waldsassen oder im Stift Tepl sind seine Werke anzutreffen. Maurus Fuchs, der Kunstmaler aus dem Stiftland, war lange Zeit vergessen. Kunsthistoriker Dr. Wolf-Dieter Hamperl r\u00fcckt ihn wieder ins Rampenlicht.<\/p>\n<p><a href=\"http:\/\/www.oberpfalznetz.de\/onetz\/4477645-118-der-vergessene-kunstmaler,1,0.html\"><span style=\"color: rgb(0, 102, 204);\">Artikel aufrufen<\/span><\/a><\/p>\n<p>&nbsp;<\/p>\n<h3>Von unsch\u00e4tzbarem Wert (Artikel vom 29.11.2014)<\/h3>\n<p>Der Heimatkundliche Arbeitskreis im Oberpf\u00e4lzer Waldverein stellte in der &#8222;Almh\u00fctte&#8220; den 59. Band der Reihe &#8222;Oberpf\u00e4lzer Heimat&#8220; vor. Auf 224 Seiten berichten 17 Autoren aus der Region fundiert \u00fcber historische Begebenheiten aus der Oberpfalz.<\/p>\n<p><a href=\"http:\/\/www.oberpfalznetz.de\/onetz\/4397799-118-von-unschaetzbarem-wert,1,0.html\">Artikel aufrufen<\/a><\/p>\n<p>&nbsp;<\/p>\n<h3>&#8222;Der Sterb&#8220; als Strafe Gottes (Artikel vom 18.09.2014)<\/h3>\n<p>Dieter Schwaiger referierte \u00fcber die letzte Pestepidemie in der Oberpfalz im Jahr 1713. Vor 300 Jahren wurde die Oberpfalz zum letzten Mal von&nbsp;dieser Seuche&nbsp;heimgesucht. Sie w\u00fctete vor allem in der freien Reichsstadt Regensburg. Heute k\u00fcnden noch viele Pestkapellen und Pests\u00e4ulen in der ganzen Oberpfalz von der gro\u00dfen Angst der Bev\u00f6lkerung, der Pest zum Opfer zu fallen.<\/p>\n<p><a href=\"http:\/\/www.oberpfalznetz.de\/onetz\/4315167-118-der-sterb-als-strafe-gottes,1,0.html\" target=\"_blank\" rel=\"noopener noreferrer\">Artikel aufrufen<\/a><\/p>\n<p>&nbsp;<\/p>\n<h3>Das letzte Kapitel des Massenmords (Artikel vom 25.03.2014)<\/h3>\n<p>Harald F\u00e4hnrich berichtet vor dem Heimatkundlichen Arbeitskreis \u00fcber die Todesm\u00e4rsche zum Konzentrationslager Flossenb\u00fcrg bei Kriegsende 1945<\/p>\n<p><a href=\"http:\/\/www.oberpfalznetz.de\/onetz\/4099855-118-das_letzte_kapitel_des_massenmords,1,0.html\" target=\"_blank\" rel=\"noopener noreferrer\">Artikel aufrufen<\/a><\/p>\n<h3>&nbsp;<\/h3>\n<p>&nbsp;<\/p>\n<h3>Von Flugpl\u00e4tzen, Grabungen und Felsenkellern&nbsp;(Artikel vom 28.11.2013)<\/h3>\n<p>Band 58 der &#8222;Oberpf\u00e4lzer Heimat&#8220; beim Heimatkundlichen Arbeitskreis vorgestellt &#8211; Neuer Internetauftritt ab 6. Dezember<\/p>\n<p><a href=\"http:\/\/www.oberpfalznetz.de\/onetz\/3944809-118-von_flugplaetzen_grabungen_und_felsenkellern,1,0.html\" target=\"_blank\" rel=\"noopener noreferrer\">Artikel aufrufen<\/a><\/p>\n<p>&nbsp;<\/p>\n<h3><strong>Gl\u00e4serne Kunstwerke (Artikel vom 21.08.2013)<\/strong><\/h3>\n<p>Stadtarchivarin Petra Vorsatz erz\u00e4hlt die Geschichte der Fenster des Alten Rathauses<\/p>\n<p><a href=\"http:\/\/www.oberpfalznetz.de\/onetz\/3819681-118-glaeserne_kunstwerke,1,0.html\" target=\"_blank\" rel=\"noopener noreferrer\">Artikel aufrufen<\/a><\/p>\n<p>&nbsp;<\/p>\n<h3>Denkmalpflege in Ortskernen vermeidet Leerst\u00e4nde&nbsp;(Artikel vom 23.04.2013)<\/h3>\n<p>Raimund Karl referiert beim Heimatkundlichen Arbeitskreis Weiden und zeigte positive und negative Beispiele &#8211; D\u00f6rfer brauchen eine Mitte<\/p>\n<p><a href=\"http:\/\/www.oberpfalznetz.de\/onetz\/3658127-118-denkmalpflege_in_ortskernen_vermeidet_leerstaende,1,0.html\" target=\"_blank\" rel=\"noopener noreferrer\">Artikel aufrufen<\/a><\/p>\n<p>&nbsp;<\/p>\n<h3>Beim Henker: Hinrichtungen in Bayern bis 1949 (Artikel vom 04.03.2013)<\/h3>\n<p>Schaurig-sch\u00f6ner Vortrag von Christine Natalie Obermeier beim Heimatkundlichen Arbeitskreis &#8211; Nebenerwerb oft die Abdeckerei<\/p>\n<p><a href=\"http:\/\/www.oberpfalznetz.de\/onetz\/3598672-118-beim_henker_hinrichtungen_in_bayern_bis_1949,1,0.html\" target=\"_blank\" rel=\"noopener noreferrer\">Artikel aufrufen<\/a><\/p>\n<p>&nbsp;<\/p>\n","protected":false},"excerpt":{"rendered":"<p>Mit uns bleiben Sie stets aktuell informiert. Sollten Sie einen Zeitungsartikel verpasst haben, k\u00f6nnen Sie diesen \u00fcber die angegebenen Links zum Oberpfalznetz (Online-Pr\u00e4senz des Medienhauses Der Neue Tag) und zum Oberpfalzecho bequem nachlesen. &nbsp; Geschichte in spannenden Geschichten: Neuer Band der \u201cOberpf\u00e4lzer Heimat\u201d erh\u00e4ltlich (Artikel vom 15.11.2025) Die Vorstellung des neuen Bandes der &#8222;Oberpf\u00e4lzer Heimat&#8220; [&hellip;]<\/p>\n","protected":false},"author":1,"featured_media":0,"parent":22,"menu_order":0,"comment_status":"closed","ping_status":"closed","template":"","meta":{"ngg_post_thumbnail":0},"_links":{"self":[{"href":"https:\/\/hak-weiden.de\/index.php?rest_route=\/wp\/v2\/pages\/92"}],"collection":[{"href":"https:\/\/hak-weiden.de\/index.php?rest_route=\/wp\/v2\/pages"}],"about":[{"href":"https:\/\/hak-weiden.de\/index.php?rest_route=\/wp\/v2\/types\/page"}],"author":[{"embeddable":true,"href":"https:\/\/hak-weiden.de\/index.php?rest_route=\/wp\/v2\/users\/1"}],"replies":[{"embeddable":true,"href":"https:\/\/hak-weiden.de\/index.php?rest_route=%2Fwp%2Fv2%2Fcomments&post=92"}],"version-history":[{"count":41,"href":"https:\/\/hak-weiden.de\/index.php?rest_route=\/wp\/v2\/pages\/92\/revisions"}],"predecessor-version":[{"id":733,"href":"https:\/\/hak-weiden.de\/index.php?rest_route=\/wp\/v2\/pages\/92\/revisions\/733"}],"up":[{"embeddable":true,"href":"https:\/\/hak-weiden.de\/index.php?rest_route=\/wp\/v2\/pages\/22"}],"wp:attachment":[{"href":"https:\/\/hak-weiden.de\/index.php?rest_route=%2Fwp%2Fv2%2Fmedia&parent=92"}],"curies":[{"name":"wp","href":"https:\/\/api.w.org\/{rel}","templated":true}]}}