{"id":85,"date":"2013-11-21T10:19:11","date_gmt":"2013-11-21T09:19:11","guid":{"rendered":"http:\/\/hak-weiden.de\/?page_id=85"},"modified":"2023-06-06T14:48:59","modified_gmt":"2023-06-06T12:48:59","slug":"weidener-heimatkundliche-arbeiten","status":"publish","type":"page","link":"https:\/\/hak-weiden.de\/?page_id=85","title":{"rendered":"Weidner Heimatkundliche Arbeiten"},"content":{"rendered":"<div id=\"attachment_271\" style=\"width: 221px\" class=\"wp-caption alignright\"><a href=\"http:\/\/hak-weiden.de\/wp-content\/uploads\/WHA23-1-scaled.jpg\"><img aria-describedby=\"caption-attachment-271\" loading=\"lazy\" class=\"size-medium wp-image-271\" alt=\"Die aktuelle Ausgabe k\u00f6nnen Sie gerne \u00fcber uns beziehen. Bitte nehmen Sie Kontakt zu uns auf.\" src=\"http:\/\/hak-weiden.de\/wp-content\/uploads\/WHA23-1-scaled.jpg\" width=\"211\" height=\"300\" \/><\/a><p id=\"caption-attachment-271\" class=\"wp-caption-text\">Die aktuelle Ausgabe k\u00f6nnen Sie gerne \u00fcber uns beziehen.<br \/>Bitte nehmen Sie <a title=\"Kontakt\" href=\"?p=94\">Kontakt<\/a> zu uns auf.<\/p><\/div>\n<p>Seit 1958 wird die Reihe \u201eOberpf\u00e4lzer Heimat\u201c erg\u00e4nzt durch die \u201eWeidner Heimatkundlichen Arbeiten\u201c. Frei nach folgendem Motto: \u201eSie erscheinen in zwangloser Folge, je nach finanzieller M\u00f6glichkeit, und enthalten jeweils eine gr\u00f6\u00dfere Arbeit, die wegen ihres Umfangs nicht in den Rahmen unserer \u201eOberpf\u00e4lzer Heimat\u201c passt.\u201c Als erste Arbeit erschien Leonhard B\u00e4rs \u201eFlossenb\u00fcrger Chronik\u201c. Bis heute gibt es 23 Arbeiten, als letzter Band wurde 2011 \u201eFaszination Zoigl \u2013 vom Plempl zum Kultgetr\u00e4nk\u201c von Andreas Kassalitzky ver\u00f6ffentlicht.<\/p>\n<p>Beide Schriftreihen bieten dem interessierten Leser Grundlagenforschung zur Geschichte der Oberpfalz und ihrer Orte, Erkenntnisse, die man nirgendwo anders finden kann. Sie sind damit Nachschlagewerke, auf keinen Fall nur f\u00fcr Experten gedacht, sondern f\u00fcr jedermann, der ein bisschen hineinschauen m\u00f6chte in die Geschichte seiner Heimat. Man kann beim Lesen ganz neue Erkenntnisse gewinnen und sich an akribisch genauer Forschungsarbeit orientieren.<\/p>\n<p>&nbsp;<\/p>\n<h3><span style=\"font-size: 1.142857143rem; line-height: 1.846153846;\">Noch lieferbare B\u00e4nde der\u00a0Weidner Heimatkundlichen Arbeiten<\/span><\/h3>\n<p>Folgende B\u00e4nde k\u00f6nnen Sie noch \u00fcber den Heimatkundlichen Arbeitskreis\u00a0erwerben:<\/p>\n<p><strong>Nummer 17: 1980 &#8211; 176 Seiten \u20ac 10,00<\/strong><br \/>\nHeribert Sturm, Das wittelsb. Herzogtum Sulzbach<\/p>\n<p><strong>Nummer 18: 1980 &#8211; 160 <strong>Seiten\u00a0<\/strong>\u20ac 14,50<\/strong><br \/>\nGerhard Z\u00fcckert, Weiden, Wandlungen einer Stadt.<\/p>\n<p><strong>Nummer 19: 1982 &#8211; 234 <strong>Seiten\u00a0<\/strong>\u20ac 10,00<\/strong><br \/>\nRolf Jacob, Vorromanische Sakralarchitektur in der Oberpfalz.<\/p>\n<p><strong>Nummer 21: 2007 &#8211; 152 <strong>Seiten<\/strong>\u00a0\u20ac 10,00<\/strong><br \/>\nBernhard M. Baron, Weiden in der Literaturgeographie (4. erweiterte Auflage)<\/p>\n<p><strong>Nummer 22: 2002 &#8211; 35 <strong>Seiten<\/strong>\u00a0und 1 Plan \u20ac 5,00<\/strong><br \/>\nAnnemarie Krau\u00df, Feuer und Wasser \u00fcber Weiden<\/p>\n<p><strong>Nummer 23: 2011 \u2013 147 <strong>Seiten<\/strong>, Farbbilder \u20ac 14,80<\/strong><br \/>\nAndreas Kassalitzky, Faszination Zoigl \u201eVom Plempl zum Kultgetr\u00e4nk\u201c<\/p>\n<p><strong>Nummer 24: 2018 \u2013 306 <strong>Seiten<\/strong>, s\/w Bilder, Deutsch\/Tschechisch \u20ac 14,80<\/strong><br \/>\nAlfred Freisleben, Heimat an der Grenze &#8211; Geschichte des Bezirks Tachau: Die Jahre 1945\/46 in Chroniken und pers\u00f6nlichen Erinnerungen<\/p>\n<p><strong>Nummer 25: 2014 \u2013 119 <strong>Seiten<\/strong>, Farbbilder \u20ac 9,95<\/strong><br \/>\nWolf-Dieter Hamperl, Maurus Fuchs &#8211; Der vergessene Tirschenreuther Kirchenmaler<\/p>\n<p><strong>Nummer 26: 2023 \u2013 336 <strong>Seiten<\/strong>, Farbbilder \u20ac 34,90<\/strong><br \/>\nAdalbert Busl, Oberpfalz &#8211; Land der Glasschleifen<\/p>\n","protected":false},"excerpt":{"rendered":"<p>Seit 1958 wird die Reihe \u201eOberpf\u00e4lzer Heimat\u201c erg\u00e4nzt durch die \u201eWeidner Heimatkundlichen Arbeiten\u201c. Frei nach folgendem Motto: \u201eSie erscheinen in zwangloser Folge, je nach finanzieller M\u00f6glichkeit, und enthalten jeweils eine gr\u00f6\u00dfere Arbeit, die wegen ihres Umfangs nicht in den Rahmen unserer \u201eOberpf\u00e4lzer Heimat\u201c passt.\u201c Als erste Arbeit erschien Leonhard B\u00e4rs \u201eFlossenb\u00fcrger Chronik\u201c. Bis heute gibt [&hellip;]<\/p>\n","protected":false},"author":1,"featured_media":0,"parent":17,"menu_order":2,"comment_status":"closed","ping_status":"closed","template":"","meta":{"ngg_post_thumbnail":0},"_links":{"self":[{"href":"https:\/\/hak-weiden.de\/index.php?rest_route=\/wp\/v2\/pages\/85"}],"collection":[{"href":"https:\/\/hak-weiden.de\/index.php?rest_route=\/wp\/v2\/pages"}],"about":[{"href":"https:\/\/hak-weiden.de\/index.php?rest_route=\/wp\/v2\/types\/page"}],"author":[{"embeddable":true,"href":"https:\/\/hak-weiden.de\/index.php?rest_route=\/wp\/v2\/users\/1"}],"replies":[{"embeddable":true,"href":"https:\/\/hak-weiden.de\/index.php?rest_route=%2Fwp%2Fv2%2Fcomments&post=85"}],"version-history":[{"count":17,"href":"https:\/\/hak-weiden.de\/index.php?rest_route=\/wp\/v2\/pages\/85\/revisions"}],"predecessor-version":[{"id":645,"href":"https:\/\/hak-weiden.de\/index.php?rest_route=\/wp\/v2\/pages\/85\/revisions\/645"}],"up":[{"embeddable":true,"href":"https:\/\/hak-weiden.de\/index.php?rest_route=\/wp\/v2\/pages\/17"}],"wp:attachment":[{"href":"https:\/\/hak-weiden.de\/index.php?rest_route=%2Fwp%2Fv2%2Fmedia&parent=85"}],"curies":[{"name":"wp","href":"https:\/\/api.w.org\/{rel}","templated":true}]}}