{"id":82,"date":"2013-11-21T10:18:22","date_gmt":"2013-11-21T09:18:22","guid":{"rendered":"http:\/\/hak-weiden.de\/?page_id=82"},"modified":"2025-11-19T14:53:29","modified_gmt":"2025-11-19T13:53:29","slug":"oberpfaelzer-heimat","status":"publish","type":"page","link":"https:\/\/hak-weiden.de\/?page_id=82","title":{"rendered":"Oberpf\u00e4lzer Heimat"},"content":{"rendered":"<p><a style=\"color: #0f3647; font-size: 1rem; line-height: 1.714285714;\" href=\"http:\/\/hak-weiden.de\/wp-content\/uploads\/OH-70-Titel.jpg\"><\/a><a href=\"http:\/\/hak-weiden.de\/wp-content\/uploads\/OH-70-Titel.jpg\"><img loading=\"lazy\" class=\"alignright wp-image-522 size-medium\" src=\"http:\/\/hak-weiden.de\/wp-content\/uploads\/OH-70-Titel.jpg\" alt=\"\" width=\"211\" height=\"300\"><\/a><\/p>\n<p>Die Oberpf\u00e4lzer Heimat ist ein wissenschaftliches Jahrbuch, das unterh\u00e4lt, informiert, stets auf dem neuesten Stand und beileibe nicht \u201everstaubt\u201c ist. Lesenswert auf jeden Fall!<\/p>\n<p><span style=\"line-height: 1.714285714; font-size: 1rem;\">Schon 1956 erschien der erste Band der \u201eOberpf\u00e4lzer Heimat\u201c. Von Anfang an waren diese B\u00e4nde ungemein lesenswert, da ganz neue Forschungsergebnisse pr\u00e4sentiert wurden, stets in wissenschaftlich fundierter Form.<\/span><\/p>\n<p>Neben Ortskundlichem finden sich in der \u201eOberpf\u00e4lzer Heimat\u201c auch die Themen der Oberpfalz, z.B. Beh\u00f6rde-, Wirtschafts- und Sozialgeschichtliches, Vor- und Fr\u00fchgeschichte, Volkskunde, Natur, Wissenschaft und Verkehr, Urkundenwesen, Pers\u00f6nlichkeiten, Kunst, Musik, Sprache, Mundart, Namenkunde.<\/p>\n<p>Die Oberpf\u00e4lzer Heimat wurde aufgrund ihrer qualit\u00e4tvollen Beitr\u00e4ge auch schon mehrfach ausgezeichnet: 1959 erhielt sie den Jahrespreis des Bayerischen Clubs in M\u00fcnchen, 1970 den Nordgau-Kulturpreis der Stadt Amberg und 1982 die Medaille f\u00fcr vorbildliche Heimatpflege des Bayerischen Landesvereins f\u00fcr Heimatpflege.<\/p>\n<p>Mit der Nummer 34 \u2013 im Jahr 1990 \u2013 der \u201eOberpf\u00e4lzer Heimat\u201c \u00fcbernahm Rektor Adalbert Busl die Schriftleitung anstelle des fr\u00fch verstorbenen Stadtheimatpflegers Gerhard Z\u00fcckert, der um die Schwere seiner Krankheit gewusst hatte und Ende 1988 die Leitung des Heimatkundlichen Arbeitskreises und die Schriftleitung der \u201eOberpf\u00e4lzer Heimat\u201c in neue, fachkundige H\u00e4nde gelegt hatte.<\/p>\n<p>Aktuell werden die \u201eBeitr\u00e4ge zur Heimatkunde&nbsp;der Oberpfalz\u201c j\u00e4hrlich unter der&nbsp;Schriftleitung von Adalbert Busl zusammengestellt&nbsp;und herausgegeben.<\/p>\n<p>&nbsp;<\/p>\n<p>Zum Bestellen der Oberpf\u00e4lzer Heimat verwenden Sie bitte folgendes Formular:<\/p>\n<p><img loading=\"lazy\" class=\"alignleft size-full wp-image-163 icon\" src=\"http:\/\/hak-weiden.de\/wp-content\/uploads\/pdf_icon.png\" alt=\"pdf_icon\" width=\"32\" height=\"32\"><br \/>\n<strong><a href=\"..\/..\/wp-content\/uploads\/bestellung_oh-1-2.pdf\" target=\"_blank\" rel=\"noopener noreferrer\"><em>Bestellformular Oberpf\u00e4lzer Heimat<br \/>\ndownloaden<\/em><\/a><\/strong><\/p>\n<h3>&nbsp;<\/h3>\n<h3>Noch lieferbare B\u00e4nde der Oberpf\u00e4lzer Heimat<\/h3>\n<p>Folgende B\u00e4nde k\u00f6nnen Sie noch \u00fcber den Heimatkundlichen Arbeitskreis<br \/>\nzum Preis von&nbsp;14 \u20ac pro Exemplar erwerben:<\/p>\n<p>Band 1: 1956 &#8211; 104 Seiten (Reprint)<br \/>\nBand 20: 1976 &#8211; 208 Seiten<br \/>\nBand 24: 1980 &#8211; 192 Seiten<br \/>\nBand 25: 1981 &#8211; 192 Seiten<br \/>\nBand 26: 1982 &#8211; 192 Seiten<br \/>\nBand 27: 1983 &#8211; 208 Seiten<br \/>\nBand 28: 1984 &#8211; 192 Seiten<br \/>\nBand 29: 1985 &#8211; 192 Seiten<br \/>\nBand 30: 1986 &#8211; 192 Seiten<br \/>\nBand 31: 1987 &#8211; 192 Seiten<br \/>\nBand 32: 1988 &#8211; 192 Seiten<br \/>\nBand 33: 1989 &#8211; 208 Seiten<br \/>\nBand 34: 1990 &#8211; 224 Seiten<br \/>\nBand 35: 1991 &#8211; 272 Seiten<br \/>\nBand 36: 1992 &#8211; 208 Seiten<br \/>\nBand 37: 1993 &#8211; 192 Seiten<br \/>\nBand 38: 1994 &#8211; 192 Seiten<br \/>\nBand 39: 1995 &#8211; 190 Seiten<br \/>\nBand 40: 1996 &#8211; 160 Seiten<br \/>\nBand 41: 1997 &#8211; 173 Seiten<br \/>\nBand 42: 1998 &#8211; 175 Seiten<br \/>\nBand 43: 1999 &#8211; 175 Seiten<br \/>\nBand 44: 2000 &#8211; 160 Seiten<br \/>\nBand 45: 2001 &#8211; 192 Seiten<br \/>\nBand 46: 2002 &#8211; 205 Seiten<br \/>\nBand 47: 2003 &#8211; 208 Seiten<br \/>\nBand 48: 2004 &#8211; 191 Seiten<br \/>\nBand 49: 2005 &#8211; 239 Seiten<br \/>\nBand 50: 2006 &#8211; 214 Seiten<br \/>\nBand 51: 2007 &#8211; 214 Seiten<br \/>\nBand 52: 2008 &#8211; 208 Seiten<br \/>\nBand 53: 2009 &#8211; 248 Seiten<br \/>\nBand 54: 2010 &#8211; 240 Seiten<br \/>\nBand 55: 2011 &#8211; 240 Seiten<br \/>\nBand 56: 2012 &#8211; 251 Seiten<br \/>\nBand 57: 2013 &#8211; 240 Seiten<br \/>\nBand 58: 2014 &#8211; 240 Seiten<br \/>\nBand 59: 2015 &#8211; 224 Seiten<br \/>\nBand 60: 2016 &#8211; 240 Seiten<br \/>\nBand 61: 2017 &#8211; 240 Seiten<br \/>\nBand 62: 2018 &#8211; 240 Seiten<br \/>\nBand 63: 2019 &#8211; 224 Seiten<br \/>\nBand 64: 2020 &#8211; 220 Seiten<br \/>\nBand 65: 2021 &#8211; 240 Seiten<br \/>\nBand 66: 2022 &#8211; 240 Seiten<br \/>\nBand 67: 2023 &#8211; 192 Seiten<br \/>\nBand 68: 2024 &#8211; 236 Seiten<br \/>\nBand 69: 2025 &#8211; 240 Seiten<br \/>\nBand 70: 2026 &#8211; 224 Seiten<\/p>\n","protected":false},"excerpt":{"rendered":"<p>Die Oberpf\u00e4lzer Heimat ist ein wissenschaftliches Jahrbuch, das unterh\u00e4lt, informiert, stets auf dem neuesten Stand und beileibe nicht \u201everstaubt\u201c ist. Lesenswert auf jeden Fall! Schon 1956 erschien der erste Band der \u201eOberpf\u00e4lzer Heimat\u201c. Von Anfang an waren diese B\u00e4nde ungemein lesenswert, da ganz neue Forschungsergebnisse pr\u00e4sentiert wurden, stets in wissenschaftlich fundierter Form. Neben Ortskundlichem finden [&hellip;]<\/p>\n","protected":false},"author":1,"featured_media":0,"parent":17,"menu_order":1,"comment_status":"closed","ping_status":"closed","template":"","meta":{"ngg_post_thumbnail":0},"_links":{"self":[{"href":"https:\/\/hak-weiden.de\/index.php?rest_route=\/wp\/v2\/pages\/82"}],"collection":[{"href":"https:\/\/hak-weiden.de\/index.php?rest_route=\/wp\/v2\/pages"}],"about":[{"href":"https:\/\/hak-weiden.de\/index.php?rest_route=\/wp\/v2\/types\/page"}],"author":[{"embeddable":true,"href":"https:\/\/hak-weiden.de\/index.php?rest_route=\/wp\/v2\/users\/1"}],"replies":[{"embeddable":true,"href":"https:\/\/hak-weiden.de\/index.php?rest_route=%2Fwp%2Fv2%2Fcomments&post=82"}],"version-history":[{"count":45,"href":"https:\/\/hak-weiden.de\/index.php?rest_route=\/wp\/v2\/pages\/82\/revisions"}],"predecessor-version":[{"id":732,"href":"https:\/\/hak-weiden.de\/index.php?rest_route=\/wp\/v2\/pages\/82\/revisions\/732"}],"up":[{"embeddable":true,"href":"https:\/\/hak-weiden.de\/index.php?rest_route=\/wp\/v2\/pages\/17"}],"wp:attachment":[{"href":"https:\/\/hak-weiden.de\/index.php?rest_route=%2Fwp%2Fv2%2Fmedia&parent=82"}],"curies":[{"name":"wp","href":"https:\/\/api.w.org\/{rel}","templated":true}]}}