{"id":80,"date":"2013-11-21T10:18:07","date_gmt":"2013-11-21T09:18:07","guid":{"rendered":"http:\/\/hak-weiden.de\/?page_id=80"},"modified":"2020-11-16T09:33:47","modified_gmt":"2020-11-16T08:33:47","slug":"mitglied-werden","status":"publish","type":"page","link":"https:\/\/hak-weiden.de\/?page_id=80","title":{"rendered":"Mitglied werden"},"content":{"rendered":"<p><a style=\"color: #0f3647; font-size: 1rem; line-height: 1.714285714;\" href=\"http:\/\/hak-weiden.de\/wp-content\/uploads\/OH-65.jpg\"><img loading=\"lazy\" class=\"alignright wp-image-522 size-medium\" src=\"http:\/\/hak-weiden.de\/wp-content\/uploads\/OH-65.jpg\" alt=\"\" width=\"212\" height=\"300\"><\/a><\/p>\n<p>Durch ein Abonnement der <em><strong>Oberpf\u00e4lzer Heimat<\/strong><\/em> f\u00fcr 10,50 \u20ac j\u00e4hrlich werden Sie Mitglied des Heimatkundlichen Arbeitskreises Weiden und unterst\u00fctzen somit unsere Arbeit f\u00fcr die Lokalgeschichte.<\/p>\n<p><img loading=\"lazy\" class=\"alignleft size-full wp-image-163 icon\" src=\"http:\/\/hak-weiden.de\/wp-content\/uploads\/pdf_icon.png\" alt=\"pdf_icon\" width=\"32\" height=\"32\"><br \/>\n<strong><a href=\"..\/..\/wp-content\/uploads\/bestellung_oh-1.pdf\" target=\"_blank\" rel=\"noopener noreferrer\"><em>Bestellformular Oberpf\u00e4lzer Heimat<br \/>\ndownloaden<\/em><\/a><\/strong><\/p>\n","protected":false},"excerpt":{"rendered":"<p>Durch ein Abonnement der Oberpf\u00e4lzer Heimat f\u00fcr 10,50 \u20ac j\u00e4hrlich werden Sie Mitglied des Heimatkundlichen Arbeitskreises Weiden und unterst\u00fctzen somit unsere Arbeit f\u00fcr die Lokalgeschichte. Bestellformular Oberpf\u00e4lzer Heimat downloaden<\/p>\n","protected":false},"author":1,"featured_media":0,"parent":13,"menu_order":4,"comment_status":"closed","ping_status":"closed","template":"","meta":{"ngg_post_thumbnail":0},"_links":{"self":[{"href":"https:\/\/hak-weiden.de\/index.php?rest_route=\/wp\/v2\/pages\/80"}],"collection":[{"href":"https:\/\/hak-weiden.de\/index.php?rest_route=\/wp\/v2\/pages"}],"about":[{"href":"https:\/\/hak-weiden.de\/index.php?rest_route=\/wp\/v2\/types\/page"}],"author":[{"embeddable":true,"href":"https:\/\/hak-weiden.de\/index.php?rest_route=\/wp\/v2\/users\/1"}],"replies":[{"embeddable":true,"href":"https:\/\/hak-weiden.de\/index.php?rest_route=%2Fwp%2Fv2%2Fcomments&post=80"}],"version-history":[{"count":18,"href":"https:\/\/hak-weiden.de\/index.php?rest_route=\/wp\/v2\/pages\/80\/revisions"}],"predecessor-version":[{"id":591,"href":"https:\/\/hak-weiden.de\/index.php?rest_route=\/wp\/v2\/pages\/80\/revisions\/591"}],"up":[{"embeddable":true,"href":"https:\/\/hak-weiden.de\/index.php?rest_route=\/wp\/v2\/pages\/13"}],"wp:attachment":[{"href":"https:\/\/hak-weiden.de\/index.php?rest_route=%2Fwp%2Fv2%2Fmedia&parent=80"}],"curies":[{"name":"wp","href":"https:\/\/api.w.org\/{rel}","templated":true}]}}