{"id":78,"date":"2013-11-21T10:17:46","date_gmt":"2013-11-21T09:17:46","guid":{"rendered":"http:\/\/hak-weiden.de\/?page_id=78"},"modified":"2013-12-05T09:43:30","modified_gmt":"2013-12-05T08:43:30","slug":"vereinsgeschichte","status":"publish","type":"page","link":"https:\/\/hak-weiden.de\/?page_id=78","title":{"rendered":"Vereinsgeschichte"},"content":{"rendered":"<p>\u00dcber die Motive, die im Jahr 1955 zur Gr\u00fcndung des Heimatkundlichen Arbeitskreises f\u00fchrten, berichtete Dr. Adolf Schuster, Hauptvorsitzender des Oberpf\u00e4lzer Waldvereins und eines der Gr\u00fcndungsmitglieder des Heimatkundlichen Arbeitskreises, in Band 1 der Oberpf\u00e4lzer Heimat:<\/p>\n<blockquote><p>\u201eNach dem ersten Weltkrieg, am 1. Juli 1921, haben sich heimatliebende M\u00e4nner der n\u00f6rdlichen Oberpfalz in Weiden zusammengefunden, um dem Gedanken der Heimatpflege, der durch den Krieg und die ganze Zeitentwicklung etwas in den Hintergrund geraten war, wiederum den ihm geb\u00fchrenden Platz einzur\u00e4umen.<\/p>\n<p>Bei der Frage der Organisation war zuerst zu kl\u00e4ren, ob die neuen Bestrebungen im Rahmen des bereits 1877 gegr\u00fcndeten Oberpf\u00e4lzer-Wald-vereins oder in einem eigenen Verein durchgesetzt werden sollten. Die Gr\u00fcndungsversammlung beschlo\u00df mit knapper Mehrheit die Bildung eines eigenen Vereins mit Namen \u00b4Verein f\u00fcr Heimatpflege im oberen Naabgau`.<\/p>\n<p>Unter diesem Namen hat der Verein dann bis zum Jahre 1940 seine segensreiche T\u00e4tigkeit entwickelt und insgesamt 25 \u2013 oft sehr umfangreiche \u2013 Ver\u00f6ffentlichungen herausgebracht. [\u2026]<\/p>\n<p>Durch die Kriegs- und Nachkriegsverh\u00e4ltnisse wurde die T\u00e4tigkeit des Vereins f\u00fcr Heimatpflege im oberen Naabgau v\u00f6llig lahmgelegt. Erst Ende des Jahres 1954 traten die letzte Vorstandschaft des Vereins f\u00fcr Heimatpflege im oberen Naabgau, Diplomlandwirt Wilhelm Vierling und Stadtarchivar Hans Wagner, sowie die Vorsitzenden des Oberpf\u00e4lzer Waldvereins, Zweigverein Weiden, Apotheker G\u00fcnther Hoffer und Dr. Adolf Schuster, zu vorbereitenden Besprechungen zusammen und er\u00f6rterten, angeregt durch Studienrat Dr. Gagel und Archivangestellten Josef Kick, die Bildung eines neuen heimatkundlichen Kreises.<\/p>\n<p>Bald waren die Vorbereitungen soweit gediehen, da\u00df beide Vorstandschaften f\u00fcr den 29. Januar 1955 im Ratskeller in Weiden zur Neugr\u00fcndung einberufen [werden] konnten.<\/p>\n<p>Alle Beteiligten waren sich dar\u00fcber einig, da\u00df in Zukunft eine Zersplitterung der Heimatpflege treibenden Kreise verhindert und ein \u00b4Heimatkundlicher Arbeitskreis im Oberpf\u00e4lzer-Wald-Verein` gebildet werden sollte, um die Arbeit des Vereins f\u00fcr Heimatpflege im oberen Naabgau fortf\u00fchren zu k\u00f6nnen.\u201c<\/p><\/blockquote>\n<p>Hauptziel des Heimatkundlichen Arbeitskreises war und ist die Herausgabe einer heimatkundlichen Schriftenreihe, der \u201eOberpf\u00e4lzer Heimat\u201c.<\/p>\n<p>Bis heute bietet der Oberpf\u00e4lzer Waldverein die ideale Plattform f\u00fcr unsere Arbeit. Um Informationen \u00fcber unseren Dachverein zu erhalten, besuchen Sie bitte dessen Homepage:<\/p>\n<p><a href=\"http:\/\/www.oberpfaelzer-waldverein.de\/\" target=\"_blank\">http:\/\/www.oberpfaelzer-waldverein.de\/<\/a><\/p>\n","protected":false},"excerpt":{"rendered":"<p>\u00dcber die Motive, die im Jahr 1955 zur Gr\u00fcndung des Heimatkundlichen Arbeitskreises f\u00fchrten, berichtete Dr. Adolf Schuster, Hauptvorsitzender des Oberpf\u00e4lzer Waldvereins und eines der Gr\u00fcndungsmitglieder des Heimatkundlichen Arbeitskreises, in Band 1 der Oberpf\u00e4lzer Heimat: \u201eNach dem ersten Weltkrieg, am 1. Juli 1921, haben sich heimatliebende M\u00e4nner der n\u00f6rdlichen Oberpfalz in Weiden zusammengefunden, um dem Gedanken [&hellip;]<\/p>\n","protected":false},"author":1,"featured_media":0,"parent":13,"menu_order":3,"comment_status":"closed","ping_status":"closed","template":"","meta":{"ngg_post_thumbnail":0},"_links":{"self":[{"href":"https:\/\/hak-weiden.de\/index.php?rest_route=\/wp\/v2\/pages\/78"}],"collection":[{"href":"https:\/\/hak-weiden.de\/index.php?rest_route=\/wp\/v2\/pages"}],"about":[{"href":"https:\/\/hak-weiden.de\/index.php?rest_route=\/wp\/v2\/types\/page"}],"author":[{"embeddable":true,"href":"https:\/\/hak-weiden.de\/index.php?rest_route=\/wp\/v2\/users\/1"}],"replies":[{"embeddable":true,"href":"https:\/\/hak-weiden.de\/index.php?rest_route=%2Fwp%2Fv2%2Fcomments&post=78"}],"version-history":[{"count":5,"href":"https:\/\/hak-weiden.de\/index.php?rest_route=\/wp\/v2\/pages\/78\/revisions"}],"predecessor-version":[{"id":270,"href":"https:\/\/hak-weiden.de\/index.php?rest_route=\/wp\/v2\/pages\/78\/revisions\/270"}],"up":[{"embeddable":true,"href":"https:\/\/hak-weiden.de\/index.php?rest_route=\/wp\/v2\/pages\/13"}],"wp:attachment":[{"href":"https:\/\/hak-weiden.de\/index.php?rest_route=%2Fwp%2Fv2%2Fmedia&parent=78"}],"curies":[{"name":"wp","href":"https:\/\/api.w.org\/{rel}","templated":true}]}}